{"id":133,"date":"2023-09-26T11:44:36","date_gmt":"2023-09-26T11:44:36","guid":{"rendered":"http:\/\/xcare-demo.pbminfotech.com\/demo1\/?page_id=4511"},"modified":"2026-03-17T13:15:15","modified_gmt":"2026-03-17T10:15:15","slug":"doktorlarimiz","status":"publish","type":"page","link":"https:\/\/ozelmayacerrahitipmerkezi.com\/de\/doktorlarimiz\/","title":{"rendered":"Unsere \u00c4rzte"},"content":{"rendered":"<div data-elementor-type=\"wp-page\" data-elementor-id=\"133\" class=\"elementor elementor-133\" data-elementor-post-type=\"page\">\n\t\t\t\t\t\t<div class=\"elementor-section elementor-top-section elementor-element elementor-element-e8932bf pbmit-col-stretched-none pbmit-bg-color-over-image elementor-section-boxed elementor-section-height-default elementor-section-height-default\" data-id=\"e8932bf\" data-element_type=\"section\" data-e-type=\"section\">\n\t\t\t\t\t\t<div class=\"elementor-container elementor-column-gap-no\">\n\t\t\t\t\t<div class=\"elementor-column elementor-col-100 elementor-top-column elementor-element elementor-element-8518514 pbmit-bg-color-over-image\" data-id=\"8518514\" data-element_type=\"column\" data-e-type=\"column\">\n\t\t\t<div class=\"elementor-widget-wrap elementor-element-populated\">\n\t\t\t\t\t\t<div class=\"elementor-element elementor-element-5a5e3ce elementor-widget elementor-widget-pbmit_team_element\" data-id=\"5a5e3ce\" data-element_type=\"widget\" data-e-type=\"widget\" data-widget_type=\"pbmit_team_element.default\">\n\t\t\t\t<div class=\"elementor-widget-container\">\n\t\t\t\t\t\r\n\t\t<div class=\"pbminfotech-element\t\t\tpbminfotech-element-team\t\t\tpbmit-element-team-style-1\t\t\tpbmit-element-viewtype-row-column\t\t\tpbmit-element-column-four\t\t\tpbmit-element-sticky-carousel-false\t\t\tpbmit-element-caroursel-dot-false\t\t\tpbmit-infinite-scroll-no\t\t\tpbmit-infinite-scroll-button-no\t\t\tpbminfotech-gap-default\"\r\n\r\n\t\t\tdata-cpt=\"team\"\r\n\t\t\tdata-totalpagination=\"1\"\r\n\t\t\tdata-style=\"1\"\r\n\t\t\tdata-show=\"10\"\r\n\t\t\tdata-columns=\"4\"\r\n\t\t\tdata-loop=\"false\"\r\n\t\t\tdata-autoplay=\"false\"\r\n\t\t\tdata-center=\"false\"\r\n\t\t\tdata-nav=\"false\"\r\n\t\t\tdata-dots=\"false\"\r\n\t\t\tdata-reverse=\"false\"\r\n\t\t\tdata-speed=\"1000\"\r\n\t\t\tdata-delay=\"4000\"\r\n\t\t\tdata-margin=\"default\"\r\n\t\t\tdata-show-portion=\"false\">\r\n\r\n\t\t\t<div class=\"pbmit-element-inner\">\r\n\t\t\r\n\r\n\t\t\r\n\t\t<div class=\"pbmit-ele-header-area\">\r\n\t\t\t\t<div class=\"pbmit-heading-subheading  animation-style4\"><\/div>\t\t\t\t\t<\/div>\r\n\r\n\t\t<div class=\"pbmit-infinite-scroll-data\">{\"cpt\":\"team\",\"style\":\"1\",\"columns\":\"4\",\"show\":10,\"order\":\"ASC\",\"orderby\":\"date\"}<\/div>\r\n\t\t\t<div class=\"pbmit-element-posts-wrapper row multi-columns-row\">\r\n\t\t\t\t<article class=\"pbmit-ele pbmit-ele-team pbmit-team-style-1 col-md-6 col-lg-3  pbmit-odd pbmit-col-odd\"><div class=\"pbminfotech-post-item\">\r\n\t<div class=\"pbmit-featured-wrap\">\r\n\t\t<div class=\"pbmit-featured-img-wrapper\"><div class=\"pbmit-featured-wrapper\"><a href=\"https:\/\/ozelmayacerrahitipmerkezi.com\/de\/doktor\/dr-nihat-dik\/\"><img fetchpriority=\"high\" decoding=\"async\" width=\"500\" height=\"700\" src=\"https:\/\/ozelmayacerrahitipmerkezi.com\/wp-content\/uploads\/2023\/08\/1-1.jpg\" class=\"attachment-pbmit-img-650x830 size-pbmit-img-650x830 wp-post-image\" alt=\"\" srcset=\"https:\/\/ozelmayacerrahitipmerkezi.com\/wp-content\/uploads\/2023\/08\/1-1.jpg 500w, https:\/\/ozelmayacerrahitipmerkezi.com\/wp-content\/uploads\/2023\/08\/1-1-214x300.jpg 214w\" sizes=\"(max-width: 500px) 100vw, 500px\" \/><\/a><\/div><\/div>\t\t<div class=\"pbmit-team-btn\"><a class=\"pbmit-team-text\" href=\"#\"><i class=\"pbmit-base-icon-share-1\"><\/i><\/a>\r\n\t\t\t<div class=\"pbminfotech-box-social-links\">\r\n\t\t\t\t<ul class=\"pbmit-social-links pbmit-team-social-links\"><li class=\"pbmit-social-li pbmit-social-facebook\"><a href=\"#\" title=\"Facebook\" target=\"_blank\"><span><i class=\"pbmit-base-icon-facebook-f\"><\/i><\/span><\/a><\/li><li class=\"pbmit-social-li pbmit-social-twitter\"><a href=\"#\" title=\"Twitter\" target=\"_blank\"><span><i class=\"pbmit-base-icon-twitter-2\"><\/i><\/span><\/a><\/li><li class=\"pbmit-social-li pbmit-social-instagram\"><a href=\"#\" title=\"Instagram\" target=\"_blank\"><span><i class=\"pbmit-base-icon-instagram\"><\/i><\/span><\/a><\/li><li class=\"pbmit-social-li pbmit-social-youtube\"><a href=\"#\" title=\"Youtube\" target=\"_blank\"><span><i class=\"pbmit-base-icon-youtube-play\"><\/i><\/span><\/a><\/li><\/ul>\t\t\t<\/div>\r\n\t\t<\/div>\r\n\t<\/div>\r\n\t<div class=\"pbminfotech-box-content\">\r\n\t\t<div class=\"pbminfotech-box-content-inner\">\r\n\t\t\t\t\t<div class=\"pbminfotech-box-team-position\">Allgemeinmediziner<\/div>\r\n\t\t\t\t\t<h3 class=\"pbmit-team-title\"><a href=\"https:\/\/ozelmayacerrahitipmerkezi.com\/de\/doktor\/dr-nihat-dik\/\">Dr. Nihat Dik<\/a><\/h3>\r\n\t\t<\/div>\r\n\t<\/div>\r\n<\/div><\/article><article class=\"pbmit-ele pbmit-ele-team pbmit-team-style-1 col-md-6 col-lg-3  pbmit-even pbmit-col-odd\"><div class=\"pbminfotech-post-item\">\r\n\t<div class=\"pbmit-featured-wrap\">\r\n\t\t<div class=\"pbmit-featured-img-wrapper\"><div class=\"pbmit-featured-wrapper\"><a href=\"https:\/\/ozelmayacerrahitipmerkezi.com\/de\/doktor\/dr-abdulkadir-kaysi\/\"><img decoding=\"async\" width=\"500\" height=\"700\" src=\"https:\/\/ozelmayacerrahitipmerkezi.com\/wp-content\/uploads\/2024\/09\/3.jpg\" class=\"attachment-pbmit-img-650x830 size-pbmit-img-650x830 wp-post-image\" alt=\"\" srcset=\"https:\/\/ozelmayacerrahitipmerkezi.com\/wp-content\/uploads\/2024\/09\/3.jpg 500w, https:\/\/ozelmayacerrahitipmerkezi.com\/wp-content\/uploads\/2024\/09\/3-214x300.jpg 214w\" sizes=\"(max-width: 500px) 100vw, 500px\" \/><\/a><\/div><\/div>\t\t<div class=\"pbmit-team-btn\"><a class=\"pbmit-team-text\" href=\"#\"><i class=\"pbmit-base-icon-share-1\"><\/i><\/a>\r\n\t\t\t<div class=\"pbminfotech-box-social-links\">\r\n\t\t\t\t\t\t\t<\/div>\r\n\t\t<\/div>\r\n\t<\/div>\r\n\t<div class=\"pbminfotech-box-content\">\r\n\t\t<div class=\"pbminfotech-box-content-inner\">\r\n\t\t\t\t\t<div class=\"pbminfotech-box-team-position\">Facharzt f\u00fcr Innere Medizin<\/div>\r\n\t\t\t\t\t<h3 class=\"pbmit-team-title\"><a href=\"https:\/\/ozelmayacerrahitipmerkezi.com\/de\/doktor\/dr-abdulkadir-kaysi\/\">Dr. Abdulkadir Kays\u0131<\/a><\/h3>\r\n\t\t<\/div>\r\n\t<\/div>\r\n<\/div><\/article><article class=\"pbmit-ele pbmit-ele-team pbmit-team-style-1 col-md-6 col-lg-3  pbmit-odd pbmit-col-odd\"><div class=\"pbminfotech-post-item\">\r\n\t<div class=\"pbmit-featured-wrap\">\r\n\t\t<div class=\"pbmit-featured-img-wrapper\"><div class=\"pbmit-featured-wrapper\"><a href=\"https:\/\/ozelmayacerrahitipmerkezi.com\/de\/doktor\/dr-mehmet-faruk-yavuz\/\"><img decoding=\"async\" width=\"500\" height=\"700\" src=\"https:\/\/ozelmayacerrahitipmerkezi.com\/wp-content\/uploads\/2024\/09\/3.jpg\" class=\"attachment-pbmit-img-650x830 size-pbmit-img-650x830 wp-post-image\" alt=\"\" srcset=\"https:\/\/ozelmayacerrahitipmerkezi.com\/wp-content\/uploads\/2024\/09\/3.jpg 500w, https:\/\/ozelmayacerrahitipmerkezi.com\/wp-content\/uploads\/2024\/09\/3-214x300.jpg 214w\" sizes=\"(max-width: 500px) 100vw, 500px\" \/><\/a><\/div><\/div>\t\t<div class=\"pbmit-team-btn\"><a class=\"pbmit-team-text\" href=\"#\"><i class=\"pbmit-base-icon-share-1\"><\/i><\/a>\r\n\t\t\t<div class=\"pbminfotech-box-social-links\">\r\n\t\t\t\t\t\t\t<\/div>\r\n\t\t<\/div>\r\n\t<\/div>\r\n\t<div class=\"pbminfotech-box-content\">\r\n\t\t<div class=\"pbminfotech-box-content-inner\">\r\n\t\t\t\t\t<div class=\"pbminfotech-box-team-position\">Allgemeinmediziner<\/div>\r\n\t\t\t\t\t<h3 class=\"pbmit-team-title\"><a href=\"https:\/\/ozelmayacerrahitipmerkezi.com\/de\/doktor\/dr-mehmet-faruk-yavuz\/\">Dr. Mehmet Faruk Yavuz<\/a><\/h3>\r\n\t\t<\/div>\r\n\t<\/div>\r\n<\/div><\/article><article class=\"pbmit-ele pbmit-ele-team pbmit-team-style-1 col-md-6 col-lg-3  pbmit-even pbmit-col-odd\"><div class=\"pbminfotech-post-item\">\r\n\t<div class=\"pbmit-featured-wrap\">\r\n\t\t<div class=\"pbmit-featured-img-wrapper\"><div class=\"pbmit-featured-wrapper\"><a href=\"https:\/\/ozelmayacerrahitipmerkezi.com\/de\/doktor\/dr-fatima-kubra-omeroglu\/\"><img decoding=\"async\" width=\"500\" height=\"700\" src=\"https:\/\/ozelmayacerrahitipmerkezi.com\/wp-content\/uploads\/2024\/09\/3.jpg\" class=\"attachment-pbmit-img-650x830 size-pbmit-img-650x830 wp-post-image\" alt=\"\" srcset=\"https:\/\/ozelmayacerrahitipmerkezi.com\/wp-content\/uploads\/2024\/09\/3.jpg 500w, https:\/\/ozelmayacerrahitipmerkezi.com\/wp-content\/uploads\/2024\/09\/3-214x300.jpg 214w\" sizes=\"(max-width: 500px) 100vw, 500px\" \/><\/a><\/div><\/div>\t\t<div class=\"pbmit-team-btn\"><a class=\"pbmit-team-text\" href=\"#\"><i class=\"pbmit-base-icon-share-1\"><\/i><\/a>\r\n\t\t\t<div class=\"pbminfotech-box-social-links\">\r\n\t\t\t\t\t\t\t<\/div>\r\n\t\t<\/div>\r\n\t<\/div>\r\n\t<div class=\"pbminfotech-box-content\">\r\n\t\t<div class=\"pbminfotech-box-content-inner\">\r\n\t\t\t\t\t<div class=\"pbminfotech-box-team-position\">Facharzt f\u00fcr An\u00e4sthesie und Reanimation<\/div>\r\n\t\t\t\t\t<h3 class=\"pbmit-team-title\"><a href=\"https:\/\/ozelmayacerrahitipmerkezi.com\/de\/doktor\/dr-fatima-kubra-omeroglu\/\">Dr. Fatima K\u00fcbra \u00d6mero\u011flu<\/a><\/h3>\r\n\t\t<\/div>\r\n\t<\/div>\r\n<\/div><\/article><article class=\"pbmit-ele pbmit-ele-team pbmit-team-style-1 col-md-6 col-lg-3  pbmit-odd pbmit-col-even\"><div class=\"pbminfotech-post-item\">\r\n\t<div class=\"pbmit-featured-wrap\">\r\n\t\t<div class=\"pbmit-featured-img-wrapper\"><div class=\"pbmit-featured-wrapper\"><a href=\"https:\/\/ozelmayacerrahitipmerkezi.com\/de\/doktor\/dr-mehmet-veli-aslan\/\"><img decoding=\"async\" width=\"500\" height=\"700\" src=\"https:\/\/ozelmayacerrahitipmerkezi.com\/wp-content\/uploads\/2024\/09\/3.jpg\" class=\"attachment-pbmit-img-650x830 size-pbmit-img-650x830 wp-post-image\" alt=\"\" srcset=\"https:\/\/ozelmayacerrahitipmerkezi.com\/wp-content\/uploads\/2024\/09\/3.jpg 500w, https:\/\/ozelmayacerrahitipmerkezi.com\/wp-content\/uploads\/2024\/09\/3-214x300.jpg 214w\" sizes=\"(max-width: 500px) 100vw, 500px\" \/><\/a><\/div><\/div>\t\t<div class=\"pbmit-team-btn\"><a class=\"pbmit-team-text\" href=\"#\"><i class=\"pbmit-base-icon-share-1\"><\/i><\/a>\r\n\t\t\t<div class=\"pbminfotech-box-social-links\">\r\n\t\t\t\t\t\t\t<\/div>\r\n\t\t<\/div>\r\n\t<\/div>\r\n\t<div class=\"pbminfotech-box-content\">\r\n\t\t<div class=\"pbminfotech-box-content-inner\">\r\n\t\t\t\t\t<div class=\"pbminfotech-box-team-position\">Facharzt f\u00fcr An\u00e4sthesie und Reanimation<\/div>\r\n\t\t\t\t\t<h3 class=\"pbmit-team-title\"><a href=\"https:\/\/ozelmayacerrahitipmerkezi.com\/de\/doktor\/dr-mehmet-veli-aslan\/\">Dr. Mehmet Veli Aslan<\/a><\/h3>\r\n\t\t<\/div>\r\n\t<\/div>\r\n<\/div><\/article><article class=\"pbmit-ele pbmit-ele-team pbmit-team-style-1 col-md-6 col-lg-3  pbmit-even pbmit-col-even\"><div class=\"pbminfotech-post-item\">\r\n\t<div class=\"pbmit-featured-wrap\">\r\n\t\t<div class=\"pbmit-featured-img-wrapper\"><div class=\"pbmit-featured-wrapper\"><a href=\"https:\/\/ozelmayacerrahitipmerkezi.com\/de\/doktor\/uzm-dr-ceyhun-erdem\/\"><img decoding=\"async\" width=\"500\" height=\"700\" src=\"https:\/\/ozelmayacerrahitipmerkezi.com\/wp-content\/uploads\/2024\/09\/3.jpg\" class=\"attachment-pbmit-img-650x830 size-pbmit-img-650x830 wp-post-image\" alt=\"\" srcset=\"https:\/\/ozelmayacerrahitipmerkezi.com\/wp-content\/uploads\/2024\/09\/3.jpg 500w, https:\/\/ozelmayacerrahitipmerkezi.com\/wp-content\/uploads\/2024\/09\/3-214x300.jpg 214w\" sizes=\"(max-width: 500px) 100vw, 500px\" \/><\/a><\/div><\/div>\t\t<div class=\"pbmit-team-btn\"><a class=\"pbmit-team-text\" href=\"#\"><i class=\"pbmit-base-icon-share-1\"><\/i><\/a>\r\n\t\t\t<div class=\"pbminfotech-box-social-links\">\r\n\t\t\t\t\t\t\t<\/div>\r\n\t\t<\/div>\r\n\t<\/div>\r\n\t<div class=\"pbminfotech-box-content\">\r\n\t\t<div class=\"pbminfotech-box-content-inner\">\r\n\t\t\t\t\t<div class=\"pbminfotech-box-team-position\">Facharzt f\u00fcr Allgemeinchirurgie<\/div>\r\n\t\t\t\t\t<h3 class=\"pbmit-team-title\"><a href=\"https:\/\/ozelmayacerrahitipmerkezi.com\/de\/doktor\/uzm-dr-ceyhun-erdem\/\">Uzm. Dr. Ceyhun Erdem<\/a><\/h3>\r\n\t\t<\/div>\r\n\t<\/div>\r\n<\/div><\/article>\t\t\t<\/div>\r\n\t\t\t\r\n\t\t\r\n\t\t\r\n\t\t\t\t\t<\/div><!-- .pbmit-element-inner -->\r\n\t\t<\/div><!-- .pbminfotech-element -->\r\n\r\n\t\t\t\t\t\t\t\t<\/div>\n\t\t\t\t<\/div>\n\t\t\t\t\t<\/div>\n\t\t<\/div>\n\t\t\t\t\t<\/div>\n\t\t<\/div>\n\t\t\t\t<\/div>","protected":false},"excerpt":{"rendered":"<p>{&#8220;cpt&#8221;:&#8221;team&#8221;,&#8221;style&#8221;:&#8221;1&#8243;,&#8221;columns&#8221;:&#8221;4&#8243;,&#8221;show&#8221;:10,&#8221;order&#8221;:&#8221;ASC&#8221;,&#8221;orderby&#8221;:&#8221;date&#8221;} Pratisyen Hekim Dr. Nihat Dik Uzman Tabip Dr. \u00d6mer T\u00fcrel \u0130\u00e7 Hastal\u0131klar\u0131 Uzman\u0131 Dr. Abd\u00fclkadir Kays\u0131 Pratisyen Hekim Dr. Mehmet Faruk Yavuz Di\u015f Hekimi Dt. Ezgi \u00d6ng\u00f6ren Anestezi ve Reanimasyon Uzman\u0131 Dr. Fat\u0131ma K\u00fcbra \u00d6mero\u011flu Anestezi ve Reanimasyon Uzman\u0131 Dr. Mehmet Veli Aslan Genel Cerrahi Uzman\u0131 Dr. \u00d6mer T\u00fcrel Pratisyen Hekim Dr. Parissa Tabatabai [&hellip;]<\/p>\n","protected":false},"author":1,"featured_media":0,"parent":0,"menu_order":6,"comment_status":"closed","ping_status":"closed","template":"","meta":{"_acf_changed":false,"inline_featured_image":false,"footnotes":""},"class_list":["post-133","page","type-page","status-publish","hentry"],"acf":[],"_links":{"self":[{"href":"https:\/\/ozelmayacerrahitipmerkezi.com\/de\/wp-json\/wp\/v2\/pages\/133","targetHints":{"allow":["GET"]}}],"collection":[{"href":"https:\/\/ozelmayacerrahitipmerkezi.com\/de\/wp-json\/wp\/v2\/pages"}],"about":[{"href":"https:\/\/ozelmayacerrahitipmerkezi.com\/de\/wp-json\/wp\/v2\/types\/page"}],"author":[{"embeddable":true,"href":"https:\/\/ozelmayacerrahitipmerkezi.com\/de\/wp-json\/wp\/v2\/users\/1"}],"replies":[{"embeddable":true,"href":"https:\/\/ozelmayacerrahitipmerkezi.com\/de\/wp-json\/wp\/v2\/comments?post=133"}],"version-history":[{"count":12,"href":"https:\/\/ozelmayacerrahitipmerkezi.com\/de\/wp-json\/wp\/v2\/pages\/133\/revisions"}],"predecessor-version":[{"id":869,"href":"https:\/\/ozelmayacerrahitipmerkezi.com\/de\/wp-json\/wp\/v2\/pages\/133\/revisions\/869"}],"wp:attachment":[{"href":"https:\/\/ozelmayacerrahitipmerkezi.com\/de\/wp-json\/wp\/v2\/media?parent=133"}],"curies":[{"name":"wp","href":"https:\/\/api.w.org\/{rel}","templated":true}]}}